{"id":4529,"date":"2024-05-31T09:42:35","date_gmt":"2024-05-31T08:42:35","guid":{"rendered":"https:\/\/www.connetweb.com\/?page_id=4529"},"modified":"2024-05-31T09:42:35","modified_gmt":"2024-05-31T08:42:35","slug":"tutto-chain2","status":"publish","type":"page","link":"https:\/\/www.connetweb.com\/en\/tutto-chain2\/","title":{"rendered":"Tutto CHAIN2"},"content":{"rendered":"<div class=\"vc_row wpb_row row\"><div class=\"vc_column_container col-md-12\"><div class=\"wpb_wrapper vc_column-inner\">\n\t<div class=\"wpb_text_column wpb_content_element\" >\n\t\t<div class=\"wpb_wrapper\">\n\t\t\t<h1 style=\"text-align: center; color: #636060; font-size: 36px;\"><strong>Tutto Chain 2<br \/>\n<\/strong><\/h1>\n\n\t\t<\/div>\n\t<\/div>\n<\/div><\/div><\/div><div class=\"vc_row wpb_row row\"><div class=\"vc_column_container col-md-3\"><div class=\"wpb_wrapper vc_column-inner\"><div class=\"vc_row wpb_row vc_inner row\"><div class=\"vc_column_container col-md-12\"><div class=\"wpb_wrapper vc_column-inner\">\n\t<div class=\"wpb_text_column wpb_content_element\" >\n\t\t<div class=\"wpb_wrapper\">\n\t\t\t<p style=\"text-align: center;\"><strong>Contatore di nuova generazione CHAIN2<\/strong><\/p>\n\n\t\t<\/div>\n\t<\/div>\n<\/div><\/div><\/div><div class=\"vc_row wpb_row vc_inner row vc_custom_1716558400089\"><div class=\"vc_column_container col-md-12\"><div class=\"wpb_wrapper vc_column-inner\">\n\t<div class=\"wpb_single_image wpb_content_element vc_align_center  vc_custom_1716554538400  align-middle\">\n\t\t<div class=\"wpb_wrapper\">\n\t\t\t\n\t\t\t<div class=\"vc_single_image-wrapper   vc_box_border_grey\"><img width=\"200\" height=\"300\" src=\"https:\/\/www.connetweb.com\/wp-content\/uploads\/2024\/05\/contatore_chain2.png\" class=\"vc_single_image-img attachment-medium\" alt=\"\" \/><\/div>\n\t\t<\/div>\n\t<\/div>\n<\/div><\/div><\/div><\/div><\/div><div class=\"vc_column_container col-md-9\"><div class=\"wpb_wrapper vc_column-inner\"><div class=\"vc_row wpb_row vc_inner row\"><div class=\"vc_column_container col-md-4\"><div class=\"wpb_wrapper vc_column-inner\">\n\t<div class=\"wpb_text_column wpb_content_element\" >\n\t\t<div class=\"wpb_wrapper\">\n\t\t\t<p style=\"text-align: center;\"><strong>Comunicazione protocollo CHAIN2<\/strong><\/p>\n\n\t\t<\/div>\n\t<\/div>\n<\/div><\/div><div class=\"vc_column_container col-md-8\"><div class=\"wpb_wrapper vc_column-inner\">\n\t<div class=\"wpb_text_column wpb_content_element\" >\n\t\t<div class=\"wpb_wrapper\">\n\t\t\t<p style=\"text-align: center;\"><strong>Dispositivi CONNET adatti per OEM, installatori e utenti privati.<\/strong><\/p>\n\n\t\t<\/div>\n\t<\/div>\n<\/div><\/div><\/div><div class=\"vc_row wpb_row vc_inner row\"><div class=\"vc_column_container col-md-4 vc_custom_1716308393341\"><div class=\"wpb_wrapper vc_column-inner\"><div class=\"vc_icon_element vc_icon_element-outer vc_icon_element-align-center\"><div class=\"vc_icon_element-inner vc_icon_element-color-blue vc_icon_element-size-lg vc_icon_element-style- vc_icon_element-background-color-grey\" ><span class=\"vc_icon_element-icon fas fa-arrows-alt-h\" ><\/span><\/div><\/div><\/div><\/div><div class=\"vc_column_container col-md-4\"><div class=\"wpb_wrapper vc_column-inner\">\n\t<div class=\"wpb_single_image wpb_content_element vc_align_center\">\n\t\t<div class=\"wpb_wrapper\">\n\t\t\t\n\t\t\t<a href=\"https:\/\/www.connetweb.com\/chain2-oem\/\" target=\"_blank\"><div class=\"vc_single_image-wrapper   vc_box_border_grey\"><img width=\"100\" height=\"100\" src=\"https:\/\/www.connetweb.com\/wp-content\/uploads\/2024\/05\/oem_100.png\" class=\"vc_single_image-img attachment-medium\" alt=\"\" \/><\/div><\/a>\n\t\t<\/div>\n\t<\/div>\n<\/div><\/div><div class=\"vc_column_container col-md-4\"><div class=\"wpb_wrapper vc_column-inner\">\n\t<div class=\"wpb_text_column wpb_content_element\" >\n\t\t<div class=\"wpb_wrapper\">\n\t\t\t<p><a href=\"https:\/\/www.connetweb.com\/chain2-oem\/\"><strong>Soluzioni CHAIN2 personalizzabili per OEM<\/strong><\/a><\/p>\n\n\t\t<\/div>\n\t<\/div>\n<\/div><\/div><\/div><div class=\"vc_row wpb_row vc_inner row\"><div class=\"vc_column_container col-md-4 vc_custom_1716308402403\"><div class=\"wpb_wrapper vc_column-inner\"><div class=\"vc_icon_element vc_icon_element-outer vc_icon_element-align-center\"><div class=\"vc_icon_element-inner vc_icon_element-color-blue vc_icon_element-size-lg vc_icon_element-style- vc_icon_element-background-color-grey\" ><span class=\"vc_icon_element-icon fas fa-arrows-alt-h\" ><\/span><\/div><\/div><\/div><\/div><div class=\"vc_column_container col-md-4\"><div class=\"wpb_wrapper vc_column-inner\">\n\t<div class=\"wpb_single_image wpb_content_element vc_align_center\">\n\t\t<div class=\"wpb_wrapper\">\n\t\t\t\n\t\t\t<a href=\"https:\/\/www.connetweb.com\/chain2-installatore\/\" target=\"_self\"><div class=\"vc_single_image-wrapper   vc_box_border_grey\"><img width=\"102\" height=\"102\" src=\"https:\/\/www.connetweb.com\/wp-content\/uploads\/2024\/05\/electrician.png\" class=\"vc_single_image-img attachment-thumbnail\" alt=\"\" \/><\/div><\/a>\n\t\t<\/div>\n\t<\/div>\n<\/div><\/div><div class=\"vc_column_container col-md-4\"><div class=\"wpb_wrapper vc_column-inner\">\n\t<div class=\"wpb_text_column wpb_content_element\" >\n\t\t<div class=\"wpb_wrapper\">\n\t\t\t<p><a href=\"https:\/\/www.connetweb.com\/chain2-installatore\/\"><strong>La soluzioni CHAIN2 adatta a qualsiasi installazione.<\/strong><\/a><\/p>\n\n\t\t<\/div>\n\t<\/div>\n<\/div><\/div><\/div><div class=\"vc_row wpb_row vc_inner row\"><div class=\"vc_column_container col-md-4 vc_custom_1716308410591\"><div class=\"wpb_wrapper vc_column-inner\"><div class=\"vc_icon_element vc_icon_element-outer vc_icon_element-align-center\"><div class=\"vc_icon_element-inner vc_icon_element-color-blue vc_icon_element-size-lg vc_icon_element-style- vc_icon_element-background-color-grey\" ><span class=\"vc_icon_element-icon fas fa-arrows-alt-h\" ><\/span><\/div><\/div><\/div><\/div><div class=\"vc_column_container col-md-4\"><div class=\"wpb_wrapper vc_column-inner\">\n\t<div class=\"wpb_single_image wpb_content_element vc_align_center\">\n\t\t<div class=\"wpb_wrapper\">\n\t\t\t\n\t\t\t<a href=\"https:\/\/www.connetweb.com\/chain2-privati\/\" target=\"_self\"><div class=\"vc_single_image-wrapper   vc_box_border_grey\"><img width=\"102\" height=\"102\" src=\"https:\/\/www.connetweb.com\/wp-content\/uploads\/2024\/05\/customer.png\" class=\"vc_single_image-img attachment-thumbnail\" alt=\"\" \/><\/div><\/a>\n\t\t<\/div>\n\t<\/div>\n<\/div><\/div><div class=\"vc_column_container col-md-4\"><div class=\"wpb_wrapper vc_column-inner\">\n\t<div class=\"wpb_text_column wpb_content_element\" >\n\t\t<div class=\"wpb_wrapper\">\n\t\t\t<p><a href=\"https:\/\/www.connetweb.com\/chain2-privati\/\"><strong>La soluzione semplice CHAIN2 per qualsiasi utente<\/strong><\/a><\/p>\n\n\t\t<\/div>\n\t<\/div>\n<\/div><\/div><\/div><\/div><\/div><\/div><div class=\"vc_row wpb_row row\"><div class=\"vc_column_container col-md-12\"><div class=\"wpb_wrapper vc_column-inner\">\n\t<div class=\"wpb_text_column wpb_content_element\" >\n\t\t<div class=\"wpb_wrapper\">\n\t\t\t<p><strong>Connet SRL vi offre soluzioni semplici, intuitive e innovative per la comunicazione con i contatori di nuova generazione che supportano il protocollo Chain2. Le nostre soluzioni sono progettate per essere affidabili, efficienti e per rendere pi\u00f9 facile la gestione e il monitoraggio in qualsisi ambito. I dispositivi Connet della linea Dino sono le soluzioni ideali per essere integrate con qualsiasi dispositivo OEM. Sono\u00a0 molto apprezzati dagli installatori per la loro facilit\u00e0 di installazione e configurazione. Con i dispositivi Connet \u00e8 facile migliorare la comunicazione, il monitoraggio e l&#8217;interoperabilit\u00e0 con i contatori CHAIN2.<\/strong><\/p>\n\n\t\t<\/div>\n\t<\/div>\n<\/div><\/div><\/div>","protected":false},"excerpt":{"rendered":"Tutto Chain 2 Contatore di nuova generazione CHAIN2 Comunicazione protocollo CHAIN2 Dispositivi CONNET adatti per OEM, installatori e utenti privati. Soluzioni CHAIN2 personalizzabili per OEM La soluzioni CHAIN2 adatta a qualsiasi installazione. La soluzione semplice CHAIN2 per qualsiasi utente Connet SRL vi offre soluzioni semplici, intuitive e innovative per la comunicazione con i contatori di [...]","protected":false},"author":1,"featured_media":0,"parent":0,"menu_order":0,"comment_status":"closed","ping_status":"closed","template":"","meta":[],"acf":[],"_links":{"self":[{"href":"https:\/\/www.connetweb.com\/en\/wp-json\/wp\/v2\/pages\/4529"}],"collection":[{"href":"https:\/\/www.connetweb.com\/en\/wp-json\/wp\/v2\/pages"}],"about":[{"href":"https:\/\/www.connetweb.com\/en\/wp-json\/wp\/v2\/types\/page"}],"author":[{"embeddable":true,"href":"https:\/\/www.connetweb.com\/en\/wp-json\/wp\/v2\/users\/1"}],"replies":[{"embeddable":true,"href":"https:\/\/www.connetweb.com\/en\/wp-json\/wp\/v2\/comments?post=4529"}],"version-history":[{"count":50,"href":"https:\/\/www.connetweb.com\/en\/wp-json\/wp\/v2\/pages\/4529\/revisions"}],"predecessor-version":[{"id":4606,"href":"https:\/\/www.connetweb.com\/en\/wp-json\/wp\/v2\/pages\/4529\/revisions\/4606"}],"wp:attachment":[{"href":"https:\/\/www.connetweb.com\/en\/wp-json\/wp\/v2\/media?parent=4529"}],"curies":[{"name":"wp","href":"https:\/\/api.w.org\/{rel}","templated":true}]}}