{"id":3622,"date":"2021-04-02T09:48:08","date_gmt":"2021-04-02T09:48:08","guid":{"rendered":"http:\/\/new.connetweb.com\/?page_id=3622"},"modified":"2023-09-26T15:02:44","modified_gmt":"2023-09-26T14:02:44","slug":"privacy-and-quality","status":"publish","type":"page","link":"https:\/\/www.connetweb.com\/en\/privacy-and-quality\/","title":{"rendered":"Privacy and Quality"},"content":{"rendered":"<div data-vc-full-width=\"true\" data-vc-full-width-init=\"false\" data-vc-stretch-content=\"true\" class=\"vc_row wpb_row row vc_row-o-equal-height vc_row-flex\"><div class=\"vc_column_container col-md-12\"><div class=\"wpb_wrapper vc_column-inner\">\n\t<div class=\"wpb_text_column wpb_content_element\" >\n\t\t<div class=\"wpb_wrapper\">\n\t\t\t<p><strong>CONNET : QUALITA e AFFIDABILITA<\/strong><\/p>\n<p><span style=\"font-size: 22px;\">I prodotti CONNET sono sottoposti a rigorosi test di funzionamento e affidabilit\u00e0<\/span><\/p>\n<p><span style=\"font-size: 22px;\">Produzione e Collaudo sono continuamente presidiati ed effettuati in impianti altamente specializzati<\/span><\/p>\n<p><span style=\"font-size: 22px;\">La nostra clientela qualificata impiega ancora dispositivi con oltre 20 anni di vita\u00a0<\/span><\/p>\n<p><span style=\"font-size: 22px;\">Con garanzia di regolare manutenzione e riparazione<\/span><\/p>\n<p><em><strong>CONNET \u00e8 azienda certificata ISO9000 dal 2006<\/strong><\/em><\/p>\n\n\t\t<\/div>\n\t<\/div>\n<\/div><\/div><\/div><div class=\"vc_row-full-width vc_clearfix\"><\/div><div class=\"vc_row wpb_row row\"><div class=\"vc_column_container col-md-12\"><div class=\"wpb_wrapper vc_column-inner\"><div class=\"porto-separator\"><hr class=\"separator-line  align_center\" style=\"background-image: -webkit-linear-gradient(left, transparent, grey, transparent); background-image: linear-gradient(to right, transparent, grey, transparent);\"><\/div><\/div><\/div><\/div><div class=\"vc_row wpb_row row\"><div class=\"vc_column_container col-md-12\"><div class=\"wpb_wrapper vc_column-inner\">\n\t<div class=\"wpb_text_column wpb_content_element  wpb_animate_when_almost_visible wpb_fadeIn fadeIn\" >\n\t\t<div class=\"wpb_wrapper\">\n\t\t\t<p class=\"western\"><strong>INFORMATIVA AL TRATTAMENTO DATI PERSONALI<\/strong><\/p>\n<p class=\"western\"><strong>Ai sensi del Regolamento Europeo sulla protezione dei dati personali 679\/2016<\/strong><\/p>\n<p class=\"western\">Con la presente informativa sul trattamento dei dati Connet Srl, titolare del sito web <span style=\"color: #000080;\"><u><a href=\"http:\/\/www.connetweb.com\/\">www.connetweb.com<\/a><\/u><\/span> e dell\u2019APP DinoPlus, descrive le modalit\u00e0 di trattamento dei dati personali degli Interessati: utenti\/visitatori che consultano il sito web e\/o l\u2019app, che si registrano al sito o ad un\u2019applicazione ad esso collegata, che si rivolgono all\u2019azienda o che hanno un rapporto commerciale e\/o contrattuale con essa.<\/p>\n<p class=\"western\">Si tratta di un\u2019informativa resa ai sensi del Capo III, sezioni 2 e 3 del Regolamento europeo in materia di protezione dei dati personali 679\/2016.<\/p>\n<p class=\"western\">Non ha valenza per altri siti consultati dall\u2019utente attraverso link eventualmente presenti nelle pagine del suddetto sito, di cui Connet \u00e8 titolare.<\/p>\n<p class=\"western\">Vi chiediamo di leggere attentamente questa informativa e se necessitate di chiarimenti, vi preghiamo di contattarci scrivendo a <span style=\"color: #000080;\"><u><a href=\"mailto:privacy@connetweb.com\">privacy@connetweb.com<\/a><\/u><\/span><\/p>\n<p class=\"western\"><strong>Titolare e contatti <\/strong><\/p>\n<p class=\"western\">Il Titolare del trattamento \u00e8 Connet Srl, con sede legale e operativa a Noventa Padovana (PD), 35020, in via G. Leopardi, 18\/A,<\/p>\n<p class=\"western\">Per ogni informazione si prega di scrivere a <span style=\"color: #000080;\"><u><a href=\"mailto:privacy@connetweb.com\">privacy@connetweb.com<\/a><\/u><\/span><\/p>\n<p class=\"western\"><strong>\u00a0<\/strong><\/p>\n<p class=\"western\"><strong>Tipologia di dati trattati <\/strong><\/p>\n<p class=\"western\">Connet tratta diverse tipologie di dati personali nell\u2019ambito dei rapporti con i propri clienti, potenziali clienti, fornitori, dipendenti, collaboratori, partner, ecc.<\/p>\n<p class=\"western\"><em>1) Dati di navigazione e cookies<\/em><\/p>\n<p class=\"western\">In linea di massima, \u00e8 possibile navigare nel sito o utilizzare l\u2019app senza dover fornire alcun dato personale. Il sito \u00e8 diviso in distinte sezioni, alcune delle quali richiedono l\u2019inserimento di dati mentre per altre non \u00e8 necessario.<\/p>\n<p class=\"western\">I sistemi informatici preposti al funzionamento del sito acquisiscono, nel normale esercizio, alcuni dati personali che vengono poi trasmessi implicitamente nell\u2019uso dei protocolli di comunicazione Internet.<\/p>\n<p class=\"western\">Possono essere informazioni sull\u2019area geografica da cui si sta navigando, sul device utilizzato, sul tipo di browser, sulle pagine visitate dell\u2019utente durante la sessione. Si \u00e8 deciso di non memorizzare l\u2019indirizzo IP dell\u2019utente, impedendo di fatto una successiva identificazione dello stesso.<\/p>\n<p class=\"western\">I dati di navigazione sono quindi memorizzati in forma anonima e vengono utilizzati principalmente per informazioni di tipo statistico, per controllare il corretto funzionamento del sito e dell\u2019app e per migliorarne l\u2019utilizzo.<\/p>\n<p class=\"western\">Per maggiori dettagli relativi ai cookies, si rimanda all\u2019apposita <u>Cookie Policy<\/u>.<\/p>\n<p class=\"western\"><em>2) Dati forniti volontariamente dagli utenti\/visitatori<\/em><\/p>\n<p class=\"western\">Quando gli utenti\/visitatori comunicano alcuni dati personali per accedere a determinati servizi oppure per effettuare richieste attraverso la posta elettronica, Connet acquisisce tali dati e li tratta esclusivamente per rispondere alla richiesta, per identificare l\u2019utente e per fornire il servizio.<\/p>\n<p class=\"western\">La registrazione al sito web\/app di Connet o la richiesta di informazioni e servizi da parte degli utenti, potr\u00e0 comportare la raccolta ed il conseguente trattamento di dati personali quali a titolo esemplificativo nome, cognome, indirizzo e-mail, recapito telefonico, indirizzo, professione, ecc.<\/p>\n<p class=\"western\">Questo tipo di dati potrebbero essere raccolti in occasione di:<\/p>\n<ul>\n<li>\n<p class=\"western\">Compilazione form di richiesta e\/o di registrazione al sito o a sue aree riservate<\/p>\n<\/li>\n<li>\n<p class=\"western\">Partecipazione ad eventi<\/p>\n<\/li>\n<li>\n<p class=\"western\">Invio di richieste attraverso posta elettronica<\/p>\n<\/li>\n<\/ul>\n<p class=\"western\"><strong>Finalit\u00e0 del trattamento e base giuridica<\/strong><\/p>\n<p class=\"western\">Il trattamento dei dati personali avviene per diverse finalit\u00e0, alcune sono legate strettamente all\u2019erogazione di servizi, altre sono relative alla comunicazione su iniziative e prodotti di Connet. Le descriviamo nel dettaglio qui di seguito con le relative basi giuridiche.<\/p>\n<table width=\"643\" cellspacing=\"0\" cellpadding=\"2\">\n<tbody>\n<tr>\n<th width=\"22\">\n<p class=\"western\">Nr<\/p>\n<\/th>\n<th width=\"288\">\n<p class=\"western\">Finalit\u00e0<\/p>\n<\/th>\n<th width=\"202\">\n<p class=\"western\">Base giuridica<\/p>\n<\/th>\n<th width=\"114\">\n<p class=\"western\">Conferimento dati<\/p>\n<\/th>\n<\/tr>\n<tr>\n<td width=\"22\">\n<p class=\"western\">1<\/p>\n<\/td>\n<td width=\"288\">\n<p class=\"western\">Gestire adempimenti di tipo contabile, amministrativo, fiscale, ecc., previsti dalla legge italiana, europea od internazionale<\/p>\n<\/td>\n<td width=\"202\">\n<p class=\"western\">Obbligo legale<\/p>\n<\/td>\n<td width=\"114\">\n<p class=\"western\">Obbligatorio per esecuzione contratto<\/p>\n<\/td>\n<\/tr>\n<tr>\n<td width=\"22\">\n<p class=\"western\">2<\/p>\n<\/td>\n<td width=\"288\">\n<p class=\"western\">Rispettare gli adempimenti, gli obblighi e le condizioni contrattuali<\/p>\n<\/td>\n<td width=\"202\">\n<p class=\"western\">Esecuzione di un contratto<\/p>\n<\/td>\n<td width=\"114\">\n<p class=\"western\">Obbligatorio per esecuzione contratto<\/p>\n<\/td>\n<\/tr>\n<tr>\n<td width=\"22\">\n<p class=\"western\">3<\/p>\n<\/td>\n<td width=\"288\">\n<p class=\"western\">Gestire la tutela del credito e valutare la solvibilit\u00e0 ed affidabilit\u00e0 finanziaria dell\u2019interessato<\/p>\n<\/td>\n<td width=\"202\">\n<p class=\"western\">Obbligo legale<\/p>\n<\/td>\n<td width=\"114\">\n<p class=\"western\">Obbligatorio per esecuzione contratto<\/p>\n<\/td>\n<\/tr>\n<tr>\n<td width=\"22\">\n<p class=\"western\">4<\/p>\n<\/td>\n<td width=\"288\">\n<p class=\"western\">Gestire eventuali contenziosi e far valere i diritti del Titolare<\/p>\n<\/td>\n<td width=\"202\">\n<p class=\"western\">Obbligo legale<\/p>\n<\/td>\n<td width=\"114\">\n<p class=\"western\">Obbligatorio per esecuzione contratto<\/p>\n<\/td>\n<\/tr>\n<tr>\n<td width=\"22\">\n<p class=\"western\">5<\/p>\n<\/td>\n<td width=\"288\">\n<p class=\"western\">Gestire la registrazione al sito e\/o ad eventuali APP collegate, oltre ad attivit\u00e0 connesse all\u2019utilizzo dei servizi ivi offerti e all\u2019accesso a sezioni particolari del sito (es. aree riservate). Inviare e-mail c.d. \u201ctransazionali\u201d, legate alla procedura di registrazione al sito o alle APP e al mantenimento dell\u2019account attivo e rilevazione dei dati delle utenze elettriche e consumi rilevati<\/p>\n<\/td>\n<td width=\"202\">\n<p class=\"western\">Esecuzione di un contratto o di misure precontrattuali (garantire funzionamento di un servizio)<\/p>\n<\/td>\n<td width=\"114\">\n<p class=\"western\">Obbligatorio per esecuzione del contratto se inerente<\/p>\n<\/td>\n<\/tr>\n<tr>\n<td width=\"22\">\n<p class=\"western\">6<\/p>\n<\/td>\n<td width=\"288\">\n<p class=\"western\">Migliorare e personalizzare l\u2019esperienza degli utenti sul sito web<\/p>\n<\/td>\n<td width=\"202\">\n<p class=\"western\">Esecuzione di un contratto (garantire funzionamento di un servizio)<\/p>\n<\/td>\n<td width=\"114\">\n<p class=\"western\">Facoltativo<\/p>\n<\/td>\n<\/tr>\n<tr>\n<td width=\"22\">\n<p class=\"western\">7<\/p>\n<\/td>\n<td width=\"288\">\n<p class=\"western\">Migliorare e ottimizzare le caratteristiche dei prodotti e servizi<\/p>\n<\/td>\n<td width=\"202\">\n<p class=\"western\">Esecuzione di un contratto (garantire funzionamento di un servizio)<\/p>\n<\/td>\n<td width=\"114\">\n<p class=\"western\">Facoltativo<\/p>\n<\/td>\n<\/tr>\n<tr>\n<td width=\"22\">\n<p class=\"western\">8<\/p>\n<\/td>\n<td width=\"288\">\n<p class=\"western\">Rispondere a richieste degli utenti, a commenti o lamentele, anche per approfondire eventuali reclami<\/p>\n<\/td>\n<td width=\"202\">\n<p class=\"western\">Esecuzione di un contratto o di misure precontrattuali Legittimo interesse<\/p>\n<\/td>\n<td width=\"114\">\n<p class=\"western\">Facoltativo<\/p>\n<\/td>\n<\/tr>\n<tr>\n<td width=\"22\">\n<p class=\"western\">9<\/p>\n<\/td>\n<td width=\"288\">\n<p class=\"western\">Inviare adeguate comunicazioni sui prodotti, servizi e sulle iniziative aziendali, inviare newsletter periodiche, rilevare la soddisfazione dei clienti, anche via email, sms, mms<\/p>\n<\/td>\n<td width=\"202\">\n<p class=\"western\">Legittimo interesse (principio del c.d. soft spam).<\/p>\n<\/td>\n<td width=\"114\">\n<p class=\"western\">Facoltativo<\/p>\n<\/td>\n<\/tr>\n<\/tbody>\n<\/table>\n<p class=\"western\">Qualora il Titolare dovesse aggiungere altre finalit\u00e0 di trattamento diverse da quelle descritte, adeguer\u00e0 la presente informativa e chieder\u00e0 il consenso al trattamento (se dovuto) nella modalit\u00e0 pi\u00f9 opportuna.<\/p>\n<p class=\"western\">L\u2019utente avr\u00e0 sempre ed in ogni caso la possibilit\u00e0 di revocare e modificare il consenso, di annullare l\u2019iscrizione alla newsletter qualora effettuata (attraverso appositi meccanismi informatici) e di opporsi a qualsiasi attivit\u00e0 di marketing diretto contattando il Titolare all\u2019indirizzo <strong>info@connetweb.com<\/strong><\/p>\n<p class=\"western\"><strong>\u00a0<\/strong><\/p>\n<p class=\"western\"><strong>Modalit\u00e0 e durata del trattamento<\/strong><\/p>\n<p class=\"western\">Il trattamento dei dati personali viene effettuato attraverso procedure e supporti elettronici e\/o manualmente (ad es. su supporti cartacei) per il tempo strettamente necessario a conseguire gli scopi per i quali i dati sono stati raccolti e, comunque, in conformit\u00e0 alle disposizioni normative vigenti in materia. Per le finalit\u00e0 di marketing, i dati saranno conservati fin quando il consenso non verr\u00e0 revocato.<\/p>\n<p class=\"western\">I dati personali di consumatori ed utenti finali, utilizzati per le indagini di mercato, sono mantenuti per i 6 mesi successivi alla consegna dei risultati elaborati al committente.<\/p>\n<p class=\"western\">Inoltre, l\u2019azienda \u00e8 tenuta a conservare alcune informazioni in base a requisiti di legge e per un tempo ragionevolmente necessario per soddisfare i requisiti legali, risolvere controversie, evitare frodi ed abusi ed applicare i propri termini e condizioni. I dati personali trattati per finalit\u00e0 amministrative, contrattuali e legali sono pertanto conservati per almeno 10 anni.<\/p>\n<p class=\"western\"><strong>Conferimento dei dati<\/strong><\/p>\n<p class=\"western\">Come specificato nella tabella delle finalit\u00e0, in generale il conferimento dei dati trattati per gli obblighi legali e l\u2019esecuzione contrattuale \u00e8 necessario. L\u2019eventuale opposizione al trattamento in tutto o in parte potr\u00e0 determinare l\u2019impossibilit\u00e0 per Connet a dar corso ai rapporti contrattuali.<\/p>\n<p class=\"western\">Per tutte le altre finalit\u00e0, a parte quanto gi\u00e0 specificato per i dati di navigazione, gli utenti\/visitatori sono liberi di fornire i propri dati personali. Il loro mancato conferimento pu\u00f2 comportare unicamente l\u2019impossibilit\u00e0 di ottenere quanto richiesto o di restare informati nel migliore dei modi.<\/p>\n<p class=\"western\"><strong>Comunicazione e Trasferimento di Dati Personali<\/strong><\/p>\n<p class=\"western\">I dati personali potranno essere portati a conoscenza di dipendenti o collaboratori di Connet che sono formalmente incaricati e autorizzati al trattamento e ricevono al riguardo adeguate istruzioni operative.<\/p>\n<p class=\"western\">Connet potr\u00e0 comunicare i dati a:<\/p>\n<ul>\n<li>\n<p class=\"western\">soggetti terzi incaricati dell\u2019esecuzione di attivit\u00e0 connesse al contratto di servizi<\/p>\n<\/li>\n<li>\n<p class=\"western\">soggetti terzi per l\u2019esecuzione degli obblighi previsti dalla legge o dal contratto (es. Enti pubblici, Autorit\u00e0 di controllo, Forze di Polizia, Istituti bancari etc.).<\/p>\n<\/li>\n<\/ul>\n<p class=\"western\">Per esigenze di tipo tecnico-pratico legate al trattamento stesso delle informazioni, alcuni dati personali potrebbero essere dislocati presso i server di fornitori e subfornitori oppure solo elaborati da soggetti terzi, che in ogni caso hanno pienamente aderito agli standard di legge per la tutela del trattamento dei dati personali.<\/p>\n<p class=\"western\">Al momento non sono utilizzati servizi tecnologici che prevedono il trasferimento di dati personali verso paesi terzi (fuori UE), previsto dal Capo V del Regolamento.<\/p>\n<p class=\"western\">I dati personali non verranno in alcun modo diffusi.<\/p>\n<p class=\"western\"><strong>\u00a0<\/strong><\/p>\n<p class=\"western\"><strong>Diritti degli interessati<\/strong><\/p>\n<p class=\"western\">Il Regolamento Europeo riconosce all\u2019Interessato numerosi diritti che vi chiediamo di considerare attentamente. Ricordiamo in particolare i diritti di:<\/p>\n<ul>\n<li>\n<p class=\"western\">accesso dell\u2019interessato:<\/p>\n<ul>\n<li>\n<p class=\"western\">conferma che sia o meno in corso un trattamento di dati personali che lo riguardano;<\/p>\n<\/li>\n<li>\n<p class=\"western\">comunicazione del trasferimento dei dati a un paese terzo o a un\u2019organizzazione internazionale;<\/p>\n<\/li>\n<li>\n<p class=\"western\">ottenere una copia dei dati personali oggetto di trattamento (se e solo se non vengono lesi diritti e libert\u00e0 altrui);<\/p>\n<\/li>\n<\/ul>\n<\/li>\n<li>\n<p class=\"western\">rettifica;<\/p>\n<\/li>\n<li>\n<p class=\"western\">cancellazione totale (diritto all\u2019oblio);<\/p>\n<\/li>\n<li>\n<p class=\"western\">limitazione di trattamento;<\/p>\n<\/li>\n<li>\n<p class=\"western\">obbligo di notifica in caso di rettifica o cancellazione dei dati personali o limitazione del trattamento;<\/p>\n<\/li>\n<li>\n<p class=\"western\">portabilit\u00e0 dei dati;<\/p>\n<\/li>\n<li>\n<p class=\"western\">opposizione.<\/p>\n<\/li>\n<\/ul>\n<p class=\"western\">L\u2019interessato ha altres\u00ec il diritto di ricevere una comunicazione tempestiva in caso di una violazione dei dati personali che possa danneggiare la sua dignit\u00e0 e libert\u00e0.<\/p>\n<p class=\"western\"><strong>Aggiornamenti<\/strong><\/p>\n<p class=\"western\">La presente Privacy Policy \u00e8 in vigore dal 31\/08\/2023. Connet, a seguito di cambiamenti normativi, indicazioni delle Autorit\u00e0 di controllo o proprie modifiche organizzative, potr\u00e0 aggiornare il presente documento. Le nuove versioni saranno rese disponibili sul sito Internet aziendale; si consiglia pertanto agli utenti interessati di verificare periodicamente la relativa sezione del sito.<\/p>\n<p class=\"western\">9) Modalit\u00e0 di esercizio dei diritti<\/p>\n<p class=\"western\">Potrete in qualsiasi momento esercitare i diritti inviando:<\/p>\n<ul>\n<li>\n<p class=\"western\">una raccomandata A\/R. CONNET s.r.I Via Giacomo Leopardi, 18 &#8211; 35027 Noventa Padovana (PD)<\/p>\n<\/li>\n<li>\n<p class=\"western\">a mezzo mail all&#8217;indirizzo: info@connetweb.com<\/p>\n<\/li>\n<\/ul>\n<p class=\"western\">10) Minori<\/p>\n<p class=\"western\">I Servizi del Titolare non sono destinati a minori di 18 anni e il Titolare non raccoglie intenzionalmente informazioni personali riferite ai minori. Nel caso in cui informazioni su minori fossero involontariamente registrate, il Titolare le canceller\u00e0 in modo tempestivo.<\/p>\n<p class=\"western\">Con a sottoscrizione della presente, il sottoscritto\u2026\u2026\u2026\u2026\u2026\u2026\u2026\u2026\u2026\u2026\u2026\u2026\u2026\u2026\u2026\u2026\u2026\u2026\u2026\u2026.<\/p>\n<p class=\"western\">Fiscale: ________________________ dichiara di aver ricevuto e preso visione dell&#8217;Informativa Privacy, ai sensi e per gli effetti dell&#8217;art. 7 e ss. del Regolamento (UE) 2016\/679, con la sottoscrizione del presente modulo.<\/p>\n<p class=\"western\">O ACCONSENTE al trattamento dei dati personali alle finalit\u00e0 di cui ai punti 1-2-3-4-5<\/p>\n<p class=\"western\">\u039f ACCONSENTE al trattamento dei dati personali alle finalit\u00e0 di cui ai punti 6-7-8-9<\/p>\n<p class=\"western\">secondo le modalit\u00e0 e nei limiti di cui all&#8217;informativa allegata.<\/p>\n<p class=\"western\">Luogo __________________<\/p>\n<p class=\"western\">Data __________________<\/p>\n<p class=\"western\">Firma del\/della dichiarante<\/p>\n<p class=\"western\">______________________<\/p>\n<p class=\"western\">(firma per esteso \/ leggibile)<\/p>\n<p class=\"western\">La presente Informativa Privacy \u00e8 soggetta ad aggiornamento da parte del Titolare del trattamento, la versione pubblicata sul Sito \u00e8 quella attualmente in vigore (documento aggiornato al 31 agosto 2023).<\/p>\n\n\t\t<\/div>\n\t<\/div>\n<\/div><\/div><\/div>","protected":false},"excerpt":{"rendered":"CONNET : QUALITA e AFFIDABILITA I prodotti CONNET sono sottoposti a rigorosi test di funzionamento e affidabilit\u00e0 Produzione e Collaudo sono continuamente presidiati ed effettuati in impianti altamente specializzati La nostra clientela qualificata impiega ancora dispositivi con oltre 20 anni di vita\u00a0 Con garanzia di regolare manutenzione e riparazione CONNET \u00e8 azienda certificata ISO9000 dal [...]","protected":false},"author":1,"featured_media":0,"parent":0,"menu_order":0,"comment_status":"closed","ping_status":"closed","template":"","meta":[],"acf":[],"_links":{"self":[{"href":"https:\/\/www.connetweb.com\/en\/wp-json\/wp\/v2\/pages\/3622"}],"collection":[{"href":"https:\/\/www.connetweb.com\/en\/wp-json\/wp\/v2\/pages"}],"about":[{"href":"https:\/\/www.connetweb.com\/en\/wp-json\/wp\/v2\/types\/page"}],"author":[{"embeddable":true,"href":"https:\/\/www.connetweb.com\/en\/wp-json\/wp\/v2\/users\/1"}],"replies":[{"embeddable":true,"href":"https:\/\/www.connetweb.com\/en\/wp-json\/wp\/v2\/comments?post=3622"}],"version-history":[{"count":24,"href":"https:\/\/www.connetweb.com\/en\/wp-json\/wp\/v2\/pages\/3622\/revisions"}],"predecessor-version":[{"id":4431,"href":"https:\/\/www.connetweb.com\/en\/wp-json\/wp\/v2\/pages\/3622\/revisions\/4431"}],"wp:attachment":[{"href":"https:\/\/www.connetweb.com\/en\/wp-json\/wp\/v2\/media?parent=3622"}],"curies":[{"name":"wp","href":"https:\/\/api.w.org\/{rel}","templated":true}]}}